{"id":1234,"date":"2026-01-16T11:18:31","date_gmt":"2026-01-16T11:18:31","guid":{"rendered":"https:\/\/www.diversitygrupo.es\/?page_id=1234"},"modified":"2026-01-16T18:35:06","modified_gmt":"2026-01-16T18:35:06","slug":"nuestros-servicios","status":"publish","type":"page","link":"https:\/\/www.diversitygrupo.es\/index.php\/nuestros-servicios\/","title":{"rendered":"Nuestros Servicios"},"content":{"rendered":"<p>[et_pb_section fb_built=\u00bb1&#8243; admin_label=\u00bbHeader\u00bb _builder_version=\u00bb4.4.4&#8243; use_background_color_gradient=\u00bbon\u00bb background_color_gradient_start=\u00bbrgba(31,31,38,0.88)\u00bb background_color_gradient_end=\u00bbrgba(31,31,38,0.24)\u00bb background_color_gradient_overlays_image=\u00bbon\u00bb background_image=\u00bbhttps:\/\/www.diversitygrupo.es\/wp-content\/uploads\/2026\/01\/upholsterer-61.jpg\u00bb custom_padding=\u00bb6vw||0px||false|false\u00bb global_colors_info=\u00bb{}\u00bb][et_pb_row custom_padding_last_edited=\u00bbon|desktop\u00bb _builder_version=\u00bb4.15.1&#8243; use_background_color_gradient=\u00bbon\u00bb background_color_gradient_start=\u00bbrgba(96,83,72,0.24)\u00bb background_color_gradient_end=\u00bbrgba(96,83,72,0.72)\u00bb background_color_gradient_overlays_image=\u00bbon\u00bb background_image=\u00bbhttps:\/\/www.diversitygrupo.es\/wp-content\/uploads\/2026\/01\/close-up-color-designer-freelancer-photographer-editing-customer-photo-scaled.jpg\u00bb width=\u00bb90%\u00bb max_width=\u00bbnone\u00bb module_alignment=\u00bbleft\u00bb custom_margin_tablet=\u00bb|auto||0px|false|false\u00bb custom_margin_last_edited=\u00bboff|desktop\u00bb custom_padding=\u00bb10vw|20px|14vw|20px|false|true\u00bb custom_padding_tablet=\u00bb16vw||16vw||true|false\u00bb custom_padding_phone=\u00bb||||false|false\u00bb border_color_all=\u00bb#1f1f26&#8243; border_width_right=\u00bb8vw\u00bb locked=\u00bboff\u00bb global_colors_info=\u00bb{}\u00bb][et_pb_column type=\u00bb4_4&#8243; _builder_version=\u00bb4.15&#8243; global_colors_info=\u00bb{}\u00bb][et_pb_text _builder_version=\u00bb4.15&#8243; header_font=\u00bbPrata||||||||\u00bb header_text_align=\u00bbcenter\u00bb header_font_size=\u00bb120px\u00bb header_line_height=\u00bb1.2em\u00bb background_layout=\u00bbdark\u00bb header_font_size_tablet=\u00bb60px\u00bb header_font_size_phone=\u00bb35px\u00bb header_font_size_last_edited=\u00bbon|phone\u00bb global_colors_info=\u00bb{}\u00bb]<\/p>\n<h1>Nuestros Servicios<\/h1>\n<p>[\/et_pb_text][\/et_pb_column][\/et_pb_row][et_pb_row column_structure=\u00bb1_2,1_2&#8243; make_equal=\u00bbon\u00bb _builder_version=\u00bb4.15&#8243; positioning=\u00bbabsolute\u00bb position_origin_a=\u00bbbottom_left\u00bb position_origin_a_tablet=\u00bb\u00bb position_origin_a_phone=\u00bb\u00bb position_origin_a_last_edited=\u00bbon|desktop\u00bb position_origin_f_tablet=\u00bb\u00bb position_origin_f_phone=\u00bb\u00bb position_origin_f_last_edited=\u00bbon|desktop\u00bb position_origin_r_tablet=\u00bb\u00bb position_origin_r_phone=\u00bb\u00bb position_origin_r_last_edited=\u00bbon|desktop\u00bb width=\u00bb90%\u00bb max_width=\u00bbnone\u00bb custom_margin=\u00bb|auto||0px|false|false\u00bb custom_padding=\u00bb0px||0px|10vw|true|false\u00bb positioning_tablet=\u00bbnone\u00bb positioning_phone=\u00bb\u00bb positioning_last_edited=\u00bbon|tablet\u00bb box_shadow_style=\u00bbpreset4&#8243; box_shadow_horizontal=\u00bb30vw\u00bb box_shadow_vertical=\u00bb0px\u00bb box_shadow_color=\u00bb#ffffff\u00bb locked=\u00bboff\u00bb global_colors_info=\u00bb{}\u00bb][et_pb_column type=\u00bb1_2&#8243; _builder_version=\u00bb4.15&#8243; custom_padding=\u00bb||||false|false\u00bb global_colors_info=\u00bb{}\u00bb][\/et_pb_column][et_pb_column type=\u00bb1_2&#8243; _builder_version=\u00bb4.15&#8243; background_color=\u00bb#bea88f\u00bb custom_padding=\u00bb60px|4%|60px|4%|true|true\u00bb global_colors_info=\u00bb{}\u00bb][et_pb_text _builder_version=\u00bb4.15.1&#8243; header_3_font=\u00bbPrata||||||||\u00bb header_3_font_size=\u00bb30px\u00bb header_3_line_height=\u00bb1.3em\u00bb background_layout=\u00bbdark\u00bb custom_margin=\u00bb||4px||false|false\u00bb header_3_font_size_tablet=\u00bb22px\u00bb header_3_font_size_phone=\u00bb20px\u00bb header_3_font_size_last_edited=\u00bbon|phone\u00bb locked=\u00bboff\u00bb global_colors_info=\u00bb{}\u00bb]<\/p>\n<h3>\u00bfTrabajamos juntos?<\/h3>\n<p>[\/et_pb_text][et_pb_button button_text=\u00bbCONT\u00c1CTANOS\u00bb _builder_version=\u00bb4.15.1&#8243; custom_button=\u00bbon\u00bb button_text_size=\u00bb12px\u00bb button_bg_color=\u00bbrgba(0,0,0,0)\u00bb button_border_width=\u00bb0px\u00bb button_border_radius=\u00bb0px\u00bb button_letter_spacing=\u00bb2.6px\u00bb button_font=\u00bb|700||on|||||\u00bb background_layout=\u00bbdark\u00bb custom_margin=\u00bb||||false|false\u00bb custom_padding=\u00bb|||0px|false|false\u00bb global_colors_info=\u00bb{}\u00bb][\/et_pb_button][\/et_pb_column][\/et_pb_row][\/et_pb_section][et_pb_section fb_built=\u00bb1&#8243; admin_label=\u00bbServices\u00bb _builder_version=\u00bb4.15&#8243; custom_padding=\u00bb||1px|||\u00bb global_colors_info=\u00bb{}\u00bb title_text_tablet=\u00bbupholsterer-41&#8243;][et_pb_row column_structure=\u00bb1_2,1_2&#8243; _builder_version=\u00bb4.15&#8243; custom_margin=\u00bb6%||6%||true|false\u00bb custom_padding=\u00bb||||false|false\u00bb global_colors_info=\u00bb{}\u00bb][et_pb_column type=\u00bb1_2&#8243; _builder_version=\u00bb4.15&#8243; border_width_all=\u00bb2px\u00bb border_color_all=\u00bb#bea88f\u00bb global_colors_info=\u00bb{}\u00bb][et_pb_blurb title=\u00bbSoluciones Integrales\u00bb image=\u00bbhttps:\/\/www.diversitygrupo.es\/wp-content\/uploads\/2026\/01\/maquina-de-coser.png\u00bb content_max_width=\u00bb100%\u00bb _builder_version=\u00bb4.15.1&#8243; header_level=\u00bbh3&#8243; header_font=\u00bbPrata||||||||\u00bb header_font_size=\u00bb35px\u00bb header_line_height=\u00bb1.2em\u00bb transform_translate=\u00bb-10%|-10%\u00bb text_orientation=\u00bbright\u00bb animation_style=\u00bbslide\u00bb animation_direction=\u00bbbottom\u00bb animation_duration=\u00bb700ms\u00bb animation_intensity_slide=\u00bb2%\u00bb animation=\u00bboff\u00bb header_font_size_tablet=\u00bb28px\u00bb header_font_size_phone=\u00bb22px\u00bb header_font_size_last_edited=\u00bbon|phone\u00bb locked=\u00bboff\u00bb global_colors_info=\u00bb{}\u00bb][\/et_pb_blurb][\/et_pb_column][et_pb_column type=\u00bb1_2&#8243; _builder_version=\u00bb4.15&#8243; custom_padding=\u00bb||80px||false|false\u00bb global_colors_info=\u00bb{}\u00bb][et_pb_text _builder_version=\u00bb4.15.1&#8243; header_2_font=\u00bbPrata||||||||\u00bb header_2_line_height=\u00bb1.8em\u00bb header_4_font=\u00bb|700||on|||||\u00bb header_4_text_color=\u00bb#bea88f\u00bb header_4_font_size=\u00bb12px\u00bb header_4_letter_spacing=\u00bb2.6px\u00bb header_4_line_height=\u00bb1.6em\u00bb header_2_font_size_tablet=\u00bb22px\u00bb header_2_font_size_phone=\u00bb20px\u00bb header_2_font_size_last_edited=\u00bbon|phone\u00bb header_4_font_size_tablet=\u00bb\u00bb header_4_font_size_phone=\u00bb\u00bb header_4_font_size_last_edited=\u00bbon|phone\u00bb locked=\u00bboff\u00bb global_colors_info=\u00bb{}\u00bb]<\/p>\n<h4>confecci\u00f3n textil<\/h4>\n<h2><span>En nuestro\u00a0<\/span><strong>Taller de Confecci\u00f3n Textil<\/strong><span>, somos tu socio estrat\u00e9gico para todas tus necesidades de fabricaci\u00f3n de prendas.\u00a0<\/span><\/h2>\n<p>[\/et_pb_text][et_pb_button button_url=\u00bb@ET-DC@eyJkeW5hbWljIjp0cnVlLCJjb250ZW50IjoicG9zdF9saW5rX3VybF9wYWdlIiwic2V0dGluZ3MiOnsicG9zdF9pZCI6IjEzMzQifX0=@\u00bb button_text=\u00bbSABER M\u00c1S\u00bb _builder_version=\u00bb4.15.1&#8243; _dynamic_attributes=\u00bbbutton_url\u00bb custom_button=\u00bbon\u00bb button_text_size=\u00bb12px\u00bb button_text_color=\u00bb#bea88f\u00bb button_bg_color=\u00bbrgba(0,0,0,0)\u00bb button_border_width=\u00bb2px\u00bb button_border_color=\u00bb#bea88f\u00bb button_border_radius=\u00bb0px\u00bb button_letter_spacing=\u00bb2px\u00bb button_font=\u00bb|700||on|||||\u00bb background_layout=\u00bbdark\u00bb custom_padding=\u00bb20px|40px|20px|40px|true|true\u00bb button_bg_color_last_edited=\u00bboff|desktop\u00bb locked=\u00bboff\u00bb global_colors_info=\u00bb{}\u00bb button_bg_color__hover_enabled=\u00bbon|hover\u00bb button_bg_color__hover=\u00bb#bea88f\u00bb button_bg_enable_color__hover=\u00bbon\u00bb button_text_color__hover_enabled=\u00bbon|hover\u00bb button_text_color__hover=\u00bb#ffffff\u00bb][\/et_pb_button][\/et_pb_column][\/et_pb_row][et_pb_row column_structure=\u00bb1_2,1_2&#8243; _builder_version=\u00bb4.15.1&#8243; custom_margin=\u00bb4%|auto|4%|auto|true|false\u00bb custom_padding=\u00bb||||false|false\u00bb global_colors_info=\u00bb{}\u00bb][et_pb_column type=\u00bb1_2&#8243; _builder_version=\u00bb4.15&#8243; custom_padding=\u00bb||80px||false|false\u00bb global_colors_info=\u00bb{}\u00bb][et_pb_text _builder_version=\u00bb4.15&#8243; header_2_font=\u00bbPrata||||||||\u00bb header_2_line_height=\u00bb1.8em\u00bb header_4_font=\u00bb|700||on|||||\u00bb header_4_text_color=\u00bb#bea88f\u00bb header_4_font_size=\u00bb12px\u00bb header_4_letter_spacing=\u00bb2.6px\u00bb header_4_line_height=\u00bb1.6em\u00bb header_2_font_size_tablet=\u00bb22px\u00bb header_2_font_size_phone=\u00bb20px\u00bb header_2_font_size_last_edited=\u00bbon|phone\u00bb header_4_font_size_tablet=\u00bb\u00bb header_4_font_size_phone=\u00bb\u00bb header_4_font_size_last_edited=\u00bbon|phone\u00bb locked=\u00bboff\u00bb global_colors_info=\u00bb{}\u00bb]<\/p>\n<h4>PERSONALIZADO<\/h4>\n<h2><span>Realizamos cualquier tipo de manipulado, retractilado, serigraf\u00eda, impresi\u00f3n digital gran formato, montajes, etiquetados, encajados, embolsados\u2026<\/span><\/h2>\n<p>[\/et_pb_text][et_pb_button button_url=\u00bb@ET-DC@eyJkeW5hbWljIjp0cnVlLCJjb250ZW50IjoicG9zdF9saW5rX3VybF9wYWdlIiwic2V0dGluZ3MiOnsicG9zdF9pZCI6IjEzNTYifX0=@\u00bb button_text=\u00bbSABER M\u00c1S\u00bb _builder_version=\u00bb4.15.1&#8243; _dynamic_attributes=\u00bbbutton_url\u00bb custom_button=\u00bbon\u00bb button_text_size=\u00bb12px\u00bb button_text_color=\u00bb#bea88f\u00bb button_bg_color=\u00bbrgba(0,0,0,0)\u00bb button_border_width=\u00bb2px\u00bb button_border_color=\u00bb#bea88f\u00bb button_border_radius=\u00bb0px\u00bb button_letter_spacing=\u00bb2px\u00bb button_font=\u00bb|700||on|||||\u00bb background_layout=\u00bbdark\u00bb custom_padding=\u00bb20px|40px|20px|40px|true|true\u00bb button_bg_color_last_edited=\u00bboff|desktop\u00bb locked=\u00bboff\u00bb global_colors_info=\u00bb{}\u00bb button_bg_color__hover_enabled=\u00bbon|hover\u00bb button_bg_color__hover=\u00bb#bea88f\u00bb button_bg_enable_color__hover=\u00bbon\u00bb button_text_color__hover_enabled=\u00bbon|hover\u00bb button_text_color__hover=\u00bb#ffffff\u00bb][\/et_pb_button][\/et_pb_column][et_pb_column type=\u00bb1_2&#8243; _builder_version=\u00bb4.15&#8243; background_color=\u00bb#bea88f\u00bb global_colors_info=\u00bb{}\u00bb][et_pb_blurb title=\u00bbIndustria Gr\u00e1fica\u00bb image=\u00bbhttps:\/\/www.diversitygrupo.es\/wp-content\/uploads\/2025\/09\/Multicrea-grafica-900&#215;703-1.png\u00bb content_max_width=\u00bb100%\u00bb _builder_version=\u00bb4.15.1&#8243; header_level=\u00bbh3&#8243; header_font=\u00bbPrata||||||||\u00bb header_font_size=\u00bb35px\u00bb header_line_height=\u00bb1.2em\u00bb transform_translate=\u00bb10%|-10%\u00bb transform_translate_linked=\u00bboff\u00bb background_layout=\u00bbdark\u00bb animation_style=\u00bbslide\u00bb animation_direction=\u00bbbottom\u00bb animation_duration=\u00bb700ms\u00bb animation_intensity_slide=\u00bb2%\u00bb animation=\u00bboff\u00bb header_font_size_tablet=\u00bb28px\u00bb header_font_size_phone=\u00bb22px\u00bb header_font_size_last_edited=\u00bbon|phone\u00bb locked=\u00bboff\u00bb global_colors_info=\u00bb{}\u00bb][\/et_pb_blurb][\/et_pb_column][\/et_pb_row][\/et_pb_section][et_pb_section fb_built=\u00bb1&#8243; admin_label=\u00bbCall to Action\u00bb _builder_version=\u00bb4.15&#8243; background_color=\u00bb#bea88f\u00bb width=\u00bb100%\u00bb max_width=\u00bb1350px\u00bb module_alignment=\u00bbcenter\u00bb locked=\u00bboff\u00bb global_colors_info=\u00bb{}\u00bb][et_pb_row _builder_version=\u00bb4.15&#8243; custom_padding=\u00bb||40px|||\u00bb global_colors_info=\u00bb{}\u00bb][et_pb_column type=\u00bb4_4&#8243; _builder_version=\u00bb4.15&#8243; global_colors_info=\u00bb{}\u00bb][et_pb_text _builder_version=\u00bb4.15.1&#8243; header_2_font=\u00bbPrata||||||||\u00bb header_2_font_size=\u00bb40px\u00bb header_2_line_height=\u00bb1.6em\u00bb header_4_font=\u00bb|700||on|||||\u00bb header_4_font_size=\u00bb12px\u00bb header_4_letter_spacing=\u00bb2.6px\u00bb header_4_line_height=\u00bb1.6em\u00bb text_orientation=\u00bbcenter\u00bb background_layout=\u00bbdark\u00bb max_width=\u00bb700px\u00bb module_alignment=\u00bbcenter\u00bb header_2_font_size_tablet=\u00bb24px\u00bb header_2_font_size_phone=\u00bb22px\u00bb header_2_font_size_last_edited=\u00bbon|phone\u00bb header_4_font_size_tablet=\u00bb\u00bb header_4_font_size_phone=\u00bb\u00bb header_4_font_size_last_edited=\u00bbon|phone\u00bb locked=\u00bboff\u00bb global_colors_info=\u00bb{}\u00bb]<\/p>\n<h4>PROYECTOS PERSONALIZADOS<\/h4>\n<h2>Tienes alg\u00fan proyecto personalizado?<\/h2>\n<h2>Trabajamos en ellos todo el tiempo.<\/h2>\n<p>[\/et_pb_text][et_pb_button button_url=\u00bb@ET-DC@eyJkeW5hbWljIjp0cnVlLCJjb250ZW50IjoicG9zdF9saW5rX3VybF9wYWdlIiwic2V0dGluZ3MiOnsicG9zdF9pZCI6IjEyMjUifX0=@\u00bb button_text=\u00bbCOMENZAR UN PROYECTO\u00bb button_alignment=\u00bbcenter\u00bb _builder_version=\u00bb4.15.1&#8243; _dynamic_attributes=\u00bbbutton_url\u00bb custom_button=\u00bbon\u00bb button_text_size=\u00bb12px\u00bb button_bg_color=\u00bbrgba(0,0,0,0)\u00bb button_border_width=\u00bb2px\u00bb button_border_color=\u00bb#ffffff\u00bb button_border_radius=\u00bb0px\u00bb button_letter_spacing=\u00bb2px\u00bb button_font=\u00bb|700||on|||||\u00bb background_layout=\u00bbdark\u00bb custom_margin=\u00bb40px||||false|false\u00bb custom_margin_tablet=\u00bb\u00bb custom_margin_phone=\u00bb\u00bb custom_margin_last_edited=\u00bbon|phone\u00bb custom_padding=\u00bb20px|40px|20px|40px|true|true\u00bb button_bg_color_last_edited=\u00bboff|desktop\u00bb locked=\u00bboff\u00bb global_colors_info=\u00bb{}\u00bb button_bg_color__hover_enabled=\u00bbon|hover\u00bb button_bg_color__hover=\u00bb#ffffff\u00bb button_bg_enable_color__hover=\u00bbon\u00bb button_text_color__hover_enabled=\u00bbon|hover\u00bb button_text_color__hover=\u00bb#000000&#8243;][\/et_pb_button][\/et_pb_column][\/et_pb_row][\/et_pb_section][et_pb_section fb_built=\u00bb1&#8243; admin_label=\u00bbFooter\u00bb _builder_version=\u00bb4.15.1&#8243; use_background_color_gradient=\u00bbon\u00bb background_color_gradient_start=\u00bb#1f1f26&#8243; background_color_gradient_end=\u00bbrgba(31,31,38,0.71)\u00bb background_color_gradient_overlays_image=\u00bbon\u00bb background_image=\u00bbhttps:\/\/www.diversitygrupo.es\/wp-content\/uploads\/2026\/01\/upholsterer-62.jpg\u00bb custom_margin=\u00bb||||false|false\u00bb custom_padding=\u00bb0vw||0px||false|false\u00bb saved_tabs=\u00bball\u00bb locked=\u00bboff\u00bb global_colors_info=\u00bb{}\u00bb global_module=\u00bb1407&#8243; theme_builder_area=\u00bbpost_content\u00bb][et_pb_row column_structure=\u00bb1_2,1_2&#8243; _builder_version=\u00bb4.15.1&#8243; _module_preset=\u00bbdefault\u00bb global_colors_info=\u00bb{}\u00bb theme_builder_area=\u00bbpost_content\u00bb][et_pb_column type=\u00bb1_2&#8243; _builder_version=\u00bb4.15.1&#8243; _module_preset=\u00bbdefault\u00bb global_colors_info=\u00bb{}\u00bb theme_builder_area=\u00bbpost_content\u00bb][et_pb_text _builder_version=\u00bb4.15.1&#8243; header_2_font=\u00bbPrata||||||||\u00bb header_2_font_size=\u00bb40px\u00bb header_2_line_height=\u00bb1.6em\u00bb background_layout=\u00bbdark\u00bb header_2_font_size_tablet=\u00bb24px\u00bb header_2_font_size_phone=\u00bb22px\u00bb header_2_font_size_last_edited=\u00bbon|desktop\u00bb locked=\u00bboff\u00bb global_colors_info=\u00bb{}\u00bb theme_builder_area=\u00bbpost_content\u00bb]<\/p>\n<h2>Cont\u00e1ctanos para mayor informaci\u00f3n.<\/h2>\n<p>[\/et_pb_text][et_pb_button button_url=\u00bb@ET-DC@eyJkeW5hbWljIjp0cnVlLCJjb250ZW50IjoicG9zdF9saW5rX3VybF9wYWdlIiwic2V0dGluZ3MiOnsicG9zdF9pZCI6IjEyMjUifX0=@\u00bb button_text=\u00bbOBT\u00c9N INFORMACI\u00d3N AQU\u00cd\u00bb _builder_version=\u00bb4.15.1&#8243; _dynamic_attributes=\u00bbbutton_url\u00bb custom_button=\u00bbon\u00bb button_text_size=\u00bb12px\u00bb button_bg_color=\u00bbrgba(0,0,0,0)\u00bb button_border_width=\u00bb2px\u00bb button_border_color=\u00bb#ffffff\u00bb button_border_radius=\u00bb0px\u00bb button_letter_spacing=\u00bb2.6px\u00bb button_font=\u00bb|700||on|||||\u00bb background_layout=\u00bbdark\u00bb custom_margin=\u00bb40px||||false|false\u00bb custom_margin_tablet=\u00bb\u00bb custom_margin_phone=\u00bb\u00bb custom_margin_last_edited=\u00bbon|phone\u00bb custom_padding=\u00bb20px|40px|20px|40px|true|true\u00bb button_bg_color_last_edited=\u00bboff|desktop\u00bb locked=\u00bboff\u00bb global_colors_info=\u00bb{}\u00bb button_bg_color__hover_enabled=\u00bbon|hover\u00bb button_bg_color__hover=\u00bb#ffffff\u00bb button_bg_enable_color__hover=\u00bbon\u00bb button_text_color__hover_enabled=\u00bbon|hover\u00bb button_text_color__hover=\u00bb#000000&#8243; theme_builder_area=\u00bbpost_content\u00bb][\/et_pb_button][et_pb_text _builder_version=\u00bb4.15.1&#8243; text_font=\u00bbPrata||||||||\u00bb text_font_size=\u00bb22px\u00bb text_line_height=\u00bb1.8em\u00bb link_text_color=\u00bb#bea88f\u00bb header_4_font=\u00bbOpen Sans|700||on|||||\u00bb header_4_font_size=\u00bb12px\u00bb header_4_letter_spacing=\u00bb2.6px\u00bb header_4_line_height=\u00bb1.6em\u00bb background_layout=\u00bbdark\u00bb max_width=\u00bb250px\u00bb custom_margin=\u00bb||||false|false\u00bb text_font_size_tablet=\u00bb18px\u00bb text_font_size_phone=\u00bb16px\u00bb text_font_size_last_edited=\u00bbon|phone\u00bb locked=\u00bboff\u00bb global_colors_info=\u00bb{}\u00bb theme_builder_area=\u00bbpost_content\u00bb]<\/p>\n<h4>UBICACI\u00d3N<\/h4>\n<p><a href=\"#\"><span>Ribarroja de Turia (VALENCIA).<\/span><\/a><\/p>\n<p>[\/et_pb_text][\/et_pb_column][et_pb_column type=\u00bb1_2&#8243; _builder_version=\u00bb4.15.1&#8243; _module_preset=\u00bbdefault\u00bb global_colors_info=\u00bb{}\u00bb theme_builder_area=\u00bbpost_content\u00bb][et_pb_image src=\u00bbhttps:\/\/www.diversitygrupo.es\/wp-content\/uploads\/2026\/01\/young-female-designer-working-project-scaled.jpg\u00bb title_text=\u00bbyoung-female-designer-working-project\u00bb _builder_version=\u00bb4.15.1&#8243; _module_preset=\u00bbdefault\u00bb hover_enabled=\u00bb0&#8243; global_colors_info=\u00bb{}\u00bb theme_builder_area=\u00bbpost_content\u00bb sticky_enabled=\u00bb0&#8243;][\/et_pb_image][\/et_pb_column][\/et_pb_row][\/et_pb_section]<\/p>\n","protected":false},"excerpt":{"rendered":"<p>Nuestros Servicios\u00bfTrabajamos juntos?confecci\u00f3n textil En nuestro\u00a0Taller de Confecci\u00f3n Textil, somos tu socio estrat\u00e9gico para todas tus necesidades de fabricaci\u00f3n de prendas.\u00a0PERSONALIZADO Realizamos cualquier tipo de manipulado, retractilado, serigraf\u00eda, impresi\u00f3n digital gran formato, montajes, etiquetados, encajados, embolsados\u2026PROYECTOS PERSONALIZADOS Tienes alg\u00fan proyecto personalizado? Trabajamos en ellos todo el tiempo.Cont\u00e1ctanos para mayor informaci\u00f3n.UBICACI\u00d3N Ribarroja de Turia (VALENCIA).<\/p>\n","protected":false},"author":1,"featured_media":0,"parent":0,"menu_order":0,"comment_status":"closed","ping_status":"closed","template":"","meta":{"_et_pb_use_builder":"on","_et_pb_old_content":"","_et_gb_content_width":"","footnotes":""},"class_list":["post-1234","page","type-page","status-publish","hentry"],"yoast_head":"<!-- This site is optimized with the Yoast SEO plugin v26.7 - https:\/\/yoast.com\/wordpress\/plugins\/seo\/ -->\n<title>Nuestros Servicios - DIVERSITY GRUPO<\/title>\n<meta name=\"robots\" content=\"index, follow, max-snippet:-1, max-image-preview:large, max-video-preview:-1\" \/>\n<link rel=\"canonical\" href=\"https:\/\/www.diversitygrupo.es\/index.php\/nuestros-servicios\/\" \/>\n<meta property=\"og:locale\" content=\"es_ES\" \/>\n<meta property=\"og:type\" content=\"article\" \/>\n<meta property=\"og:title\" content=\"Nuestros Servicios - DIVERSITY GRUPO\" \/>\n<meta property=\"og:description\" content=\"Nuestros Servicios\u00bfTrabajamos juntos?confecci\u00f3n textil En nuestro\u00a0Taller de Confecci\u00f3n Textil, somos tu socio estrat\u00e9gico para todas tus necesidades de fabricaci\u00f3n de prendas.\u00a0PERSONALIZADO Realizamos cualquier tipo de manipulado, retractilado, serigraf\u00eda, impresi\u00f3n digital gran formato, montajes, etiquetados, encajados, embolsados\u2026PROYECTOS PERSONALIZADOS Tienes alg\u00fan proyecto personalizado? Trabajamos en ellos todo el tiempo.Cont\u00e1ctanos para mayor informaci\u00f3n.UBICACI\u00d3N Ribarroja de Turia (VALENCIA).\" \/>\n<meta property=\"og:url\" content=\"https:\/\/www.diversitygrupo.es\/index.php\/nuestros-servicios\/\" \/>\n<meta property=\"og:site_name\" content=\"DIVERSITY GRUPO\" \/>\n<meta property=\"article:modified_time\" content=\"2026-01-16T18:35:06+00:00\" \/>\n<meta name=\"twitter:card\" content=\"summary_large_image\" \/>\n<meta name=\"twitter:label1\" content=\"Tiempo de lectura\" \/>\n\t<meta name=\"twitter:data1\" content=\"2 minutos\" \/>\n<script type=\"application\/ld+json\" class=\"yoast-schema-graph\">{\"@context\":\"https:\/\/schema.org\",\"@graph\":[{\"@type\":\"WebPage\",\"@id\":\"https:\/\/www.diversitygrupo.es\/index.php\/nuestros-servicios\/\",\"url\":\"https:\/\/www.diversitygrupo.es\/index.php\/nuestros-servicios\/\",\"name\":\"Nuestros Servicios - DIVERSITY GRUPO\",\"isPartOf\":{\"@id\":\"https:\/\/www.diversitygrupo.es\/#website\"},\"datePublished\":\"2026-01-16T11:18:31+00:00\",\"dateModified\":\"2026-01-16T18:35:06+00:00\",\"breadcrumb\":{\"@id\":\"https:\/\/www.diversitygrupo.es\/index.php\/nuestros-servicios\/#breadcrumb\"},\"inLanguage\":\"es\",\"potentialAction\":[{\"@type\":\"ReadAction\",\"target\":[\"https:\/\/www.diversitygrupo.es\/index.php\/nuestros-servicios\/\"]}]},{\"@type\":\"BreadcrumbList\",\"@id\":\"https:\/\/www.diversitygrupo.es\/index.php\/nuestros-servicios\/#breadcrumb\",\"itemListElement\":[{\"@type\":\"ListItem\",\"position\":1,\"name\":\"Portada\",\"item\":\"https:\/\/www.diversitygrupo.es\/\"},{\"@type\":\"ListItem\",\"position\":2,\"name\":\"Nuestros Servicios\"}]},{\"@type\":\"WebSite\",\"@id\":\"https:\/\/www.diversitygrupo.es\/#website\",\"url\":\"https:\/\/www.diversitygrupo.es\/\",\"name\":\"DIVERSITY GRUPO\",\"description\":\"Un Espacio. M\u00faltiples Servicios y Soluciones\",\"potentialAction\":[{\"@type\":\"SearchAction\",\"target\":{\"@type\":\"EntryPoint\",\"urlTemplate\":\"https:\/\/www.diversitygrupo.es\/?s={search_term_string}\"},\"query-input\":{\"@type\":\"PropertyValueSpecification\",\"valueRequired\":true,\"valueName\":\"search_term_string\"}}],\"inLanguage\":\"es\"}]}<\/script>\n<!-- \/ Yoast SEO plugin. -->","yoast_head_json":{"title":"Nuestros Servicios - DIVERSITY GRUPO","robots":{"index":"index","follow":"follow","max-snippet":"max-snippet:-1","max-image-preview":"max-image-preview:large","max-video-preview":"max-video-preview:-1"},"canonical":"https:\/\/www.diversitygrupo.es\/index.php\/nuestros-servicios\/","og_locale":"es_ES","og_type":"article","og_title":"Nuestros Servicios - DIVERSITY GRUPO","og_description":"Nuestros Servicios\u00bfTrabajamos juntos?confecci\u00f3n textil En nuestro\u00a0Taller de Confecci\u00f3n Textil, somos tu socio estrat\u00e9gico para todas tus necesidades de fabricaci\u00f3n de prendas.\u00a0PERSONALIZADO Realizamos cualquier tipo de manipulado, retractilado, serigraf\u00eda, impresi\u00f3n digital gran formato, montajes, etiquetados, encajados, embolsados\u2026PROYECTOS PERSONALIZADOS Tienes alg\u00fan proyecto personalizado? Trabajamos en ellos todo el tiempo.Cont\u00e1ctanos para mayor informaci\u00f3n.UBICACI\u00d3N Ribarroja de Turia (VALENCIA).","og_url":"https:\/\/www.diversitygrupo.es\/index.php\/nuestros-servicios\/","og_site_name":"DIVERSITY GRUPO","article_modified_time":"2026-01-16T18:35:06+00:00","twitter_card":"summary_large_image","twitter_misc":{"Tiempo de lectura":"2 minutos"},"schema":{"@context":"https:\/\/schema.org","@graph":[{"@type":"WebPage","@id":"https:\/\/www.diversitygrupo.es\/index.php\/nuestros-servicios\/","url":"https:\/\/www.diversitygrupo.es\/index.php\/nuestros-servicios\/","name":"Nuestros Servicios - DIVERSITY GRUPO","isPartOf":{"@id":"https:\/\/www.diversitygrupo.es\/#website"},"datePublished":"2026-01-16T11:18:31+00:00","dateModified":"2026-01-16T18:35:06+00:00","breadcrumb":{"@id":"https:\/\/www.diversitygrupo.es\/index.php\/nuestros-servicios\/#breadcrumb"},"inLanguage":"es","potentialAction":[{"@type":"ReadAction","target":["https:\/\/www.diversitygrupo.es\/index.php\/nuestros-servicios\/"]}]},{"@type":"BreadcrumbList","@id":"https:\/\/www.diversitygrupo.es\/index.php\/nuestros-servicios\/#breadcrumb","itemListElement":[{"@type":"ListItem","position":1,"name":"Portada","item":"https:\/\/www.diversitygrupo.es\/"},{"@type":"ListItem","position":2,"name":"Nuestros Servicios"}]},{"@type":"WebSite","@id":"https:\/\/www.diversitygrupo.es\/#website","url":"https:\/\/www.diversitygrupo.es\/","name":"DIVERSITY GRUPO","description":"Un Espacio. M\u00faltiples Servicios y Soluciones","potentialAction":[{"@type":"SearchAction","target":{"@type":"EntryPoint","urlTemplate":"https:\/\/www.diversitygrupo.es\/?s={search_term_string}"},"query-input":{"@type":"PropertyValueSpecification","valueRequired":true,"valueName":"search_term_string"}}],"inLanguage":"es"}]}},"_links":{"self":[{"href":"https:\/\/www.diversitygrupo.es\/index.php\/wp-json\/wp\/v2\/pages\/1234","targetHints":{"allow":["GET"]}}],"collection":[{"href":"https:\/\/www.diversitygrupo.es\/index.php\/wp-json\/wp\/v2\/pages"}],"about":[{"href":"https:\/\/www.diversitygrupo.es\/index.php\/wp-json\/wp\/v2\/types\/page"}],"author":[{"embeddable":true,"href":"https:\/\/www.diversitygrupo.es\/index.php\/wp-json\/wp\/v2\/users\/1"}],"replies":[{"embeddable":true,"href":"https:\/\/www.diversitygrupo.es\/index.php\/wp-json\/wp\/v2\/comments?post=1234"}],"version-history":[{"count":14,"href":"https:\/\/www.diversitygrupo.es\/index.php\/wp-json\/wp\/v2\/pages\/1234\/revisions"}],"predecessor-version":[{"id":1413,"href":"https:\/\/www.diversitygrupo.es\/index.php\/wp-json\/wp\/v2\/pages\/1234\/revisions\/1413"}],"wp:attachment":[{"href":"https:\/\/www.diversitygrupo.es\/index.php\/wp-json\/wp\/v2\/media?parent=1234"}],"curies":[{"name":"wp","href":"https:\/\/api.w.org\/{rel}","templated":true}]}}