{"id":197,"date":"2022-03-24T10:32:36","date_gmt":"2022-03-24T10:32:36","guid":{"rendered":"https:\/\/www.diversitygrupo.es\/?page_id=197"},"modified":"2026-01-18T14:29:54","modified_gmt":"2026-01-18T14:29:54","slug":"productos","status":"publish","type":"page","link":"https:\/\/www.diversitygrupo.es\/index.php\/productos\/","title":{"rendered":"Productos"},"content":{"rendered":"<p>[et_pb_section fb_built=\u00bb1&#8243; admin_label=\u00bbTNTAUTO\u00bb _builder_version=\u00bb4.15.1&#8243; _module_preset=\u00bbdefault\u00bb background_color=\u00bb#08090a\u00bb background_enable_image=\u00bboff\u00bb overflow-x=\u00bbhidden\u00bb overflow-y=\u00bbhidden\u00bb custom_padding=\u00bb100px||100px||false|false\u00bb top_divider_style=\u00bbasymmetric2&#8243; top_divider_color=\u00bb#000000&#8243; locked=\u00bboff\u00bb global_colors_info=\u00bb{%22gcid-3f47e762-ddb9-4bcc-9a88-eb1cda6175db%22:%91%93,%22gcid-abdd1dfe-115d-40b5-9c1d-c1c9635de504%22:%91%93}\u00bb][et_pb_row _builder_version=\u00bb4.15.1&#8243; _module_preset=\u00bbdefault\u00bb global_colors_info=\u00bb{}\u00bb][et_pb_column type=\u00bb4_4&#8243; _builder_version=\u00bb4.15.1&#8243; _module_preset=\u00bbdefault\u00bb global_colors_info=\u00bb{}\u00bb][et_pb_blurb title=\u00bb\u00abAportando nuestro granito de arena\u00bb\u00bb image=\u00bbhttps:\/\/www.diversitygrupo.es\/wp-content\/uploads\/2022\/03\/TNT_Marca_Multiusos1.jpg\u00bb _builder_version=\u00bb4.15.1&#8243; _module_preset=\u00bbdefault\u00bb header_level=\u00bbh2&#8243; header_font=\u00bbPrata|700|||||||\u00bb header_text_align=\u00bbcenter\u00bb header_text_color=\u00bb#FFFFFF\u00bb header_font_size=\u00bb26px\u00bb body_font=\u00bbMontserrat||||||||\u00bb body_text_align=\u00bbcenter\u00bb body_text_color=\u00bb#FFFFFF\u00bb text_orientation=\u00bbcenter\u00bb background_layout=\u00bbdark\u00bb header_font_size_tablet=\u00bb28px\u00bb header_font_size_phone=\u00bb16px\u00bb header_font_size_last_edited=\u00bbon|phone\u00bb inline_fonts=\u00bbMontserrat\u00bb global_colors_info=\u00bb{}\u00bb]<\/p>\n<p><span style=\"font-size: large; font-family: Montserrat;\">Las Bolsas TNTAUTO\u2122 ayudan a proteger el Medio Ambiente y a concienciar a las personas sobre la Seguridad Vial.<\/span><\/p>\n<p>[\/et_pb_blurb][et_pb_button button_url=\u00bbhttps:\/\/tntauto.es\/\u00bb url_new_window=\u00bbon\u00bb button_text=\u00bbVER M\u00c1S\u00bb button_alignment=\u00bbcenter\u00bb _builder_version=\u00bb4.15.1&#8243; _module_preset=\u00bbdefault\u00bb custom_button=\u00bbon\u00bb button_text_size=\u00bb16px\u00bb button_text_color=\u00bb#000000&#8243; button_bg_color=\u00bb#FFFFFF\u00bb button_border_color=\u00bbRGBA(255,255,255,0)\u00bb button_icon_color=\u00bb#000000&#8243; global_colors_info=\u00bb{}\u00bb][\/et_pb_button][\/et_pb_column][\/et_pb_row][\/et_pb_section][et_pb_section fb_built=\u00bb1&#8243; admin_label=\u00bbSKELETON COOL\u00bb _builder_version=\u00bb4.15.1&#8243; _module_preset=\u00bbdefault\u00bb background_color=\u00bb#fcdc00&#8243; background_enable_image=\u00bboff\u00bb overflow-x=\u00bbhidden\u00bb overflow-y=\u00bbhidden\u00bb custom_padding=\u00bb100px||100px||false|false\u00bb top_divider_style=\u00bbasymmetric2&#8243; top_divider_color=\u00bb#000000&#8243; locked=\u00bboff\u00bb global_colors_info=\u00bb{%22gcid-3f47e762-ddb9-4bcc-9a88-eb1cda6175db%22:%91%93,%22gcid-abdd1dfe-115d-40b5-9c1d-c1c9635de504%22:%91%93}\u00bb][et_pb_row _builder_version=\u00bb4.15.1&#8243; _module_preset=\u00bbdefault\u00bb global_colors_info=\u00bb{}\u00bb][et_pb_column type=\u00bb4_4&#8243; _builder_version=\u00bb4.15.1&#8243; _module_preset=\u00bbdefault\u00bb global_colors_info=\u00bb{}\u00bb][et_pb_blurb title=\u00bbRevoluci\u00f3n de la Moda\u00bb url=\u00bbhttps:\/\/skeletoncool.com\u00bb image=\u00bbhttps:\/\/www.diversitygrupo.es\/wp-content\/uploads\/2025\/01\/LOGO-SKELETON-COOL-900&#215;900-1.png\u00bb _builder_version=\u00bb4.15.1&#8243; _module_preset=\u00bbdefault\u00bb header_level=\u00bbh2&#8243; header_font=\u00bbPrata|700|||||||\u00bb header_text_align=\u00bbcenter\u00bb header_text_color=\u00bb#000000&#8243; header_font_size=\u00bb26px\u00bb body_font=\u00bb||||||||\u00bb body_text_align=\u00bbcenter\u00bb body_text_color=\u00bb#000000&#8243; background_color=\u00bbRGBA(255,255,255,0)\u00bb text_orientation=\u00bbcenter\u00bb background_layout=\u00bbdark\u00bb header_font_size_tablet=\u00bb28px\u00bb header_font_size_phone=\u00bb16px\u00bb header_font_size_last_edited=\u00bbon|phone\u00bb body_text_color_tablet=\u00bb#000000&#8243; body_text_color_phone=\u00bb#000000&#8243; body_text_color_last_edited=\u00bbon|phone\u00bb inline_fonts=\u00bbMontserrat\u00bb global_colors_info=\u00bb{}\u00bb]<\/p>\n<p><span style=\"font-family: Montserrat; font-size: large;\">No importa tu edad, en SKELETON COOL encontrar\u00e1s prendas que se adaptan a tu estilo de vida. <\/span><\/p>\n<p><span style=\"font-family: Montserrat; font-size: large;\">Nuestra misi\u00f3n es ofrecer moda accesible y de calidad para todos. \u00a1Vis\u00edtanos y descubre por qu\u00e9 SKELETON COOL es la marca que todos est\u00e1n hablando!<\/span><b><\/b><\/p>\n<p>[\/et_pb_blurb][et_pb_button button_url=\u00bbhttp:\/\/www.skeletoncool.com\u00bb url_new_window=\u00bbon\u00bb button_text=\u00bbVER M\u00c1S\u00bb button_alignment=\u00bbcenter\u00bb _builder_version=\u00bb4.15.1&#8243; _module_preset=\u00bbdefault\u00bb custom_button=\u00bbon\u00bb button_text_size=\u00bb16px\u00bb button_text_color=\u00bb#FFFFFF\u00bb button_bg_color=\u00bb#EB3300&#8243; button_border_color=\u00bbRGBA(255,255,255,0)\u00bb button_icon_color=\u00bb#000000&#8243; global_colors_info=\u00bb{}\u00bb][\/et_pb_button][\/et_pb_column][\/et_pb_row][\/et_pb_section][et_pb_section fb_built=\u00bb1&#8243; admin_label=\u00bbFREEIMPULSO\u00bb _builder_version=\u00bb4.15.1&#8243; _module_preset=\u00bbdefault\u00bb background_enable_color=\u00bboff\u00bb use_background_color_gradient=\u00bbon\u00bb background_color_gradient_start=\u00bb#7eb4a2&#8243; background_color_gradient_end=\u00bb#bfc4a4&#8243; background_enable_image=\u00bboff\u00bb overflow-x=\u00bbhidden\u00bb overflow-y=\u00bbhidden\u00bb custom_padding=\u00bb100px||100px||false|false\u00bb top_divider_style=\u00bbasymmetric2&#8243; top_divider_color=\u00bb#fcdc00&#8243; locked=\u00bboff\u00bb global_colors_info=\u00bb{%22gcid-3f47e762-ddb9-4bcc-9a88-eb1cda6175db%22:%91%93,%22gcid-abdd1dfe-115d-40b5-9c1d-c1c9635de504%22:%91%93}\u00bb][et_pb_row _builder_version=\u00bb4.15.1&#8243; _module_preset=\u00bbdefault\u00bb background_color_gradient_start=\u00bb#bfc4a4&#8243; background_image=\u00bbhttps:\/\/www.diversitygrupo.es\/wp-content\/uploads\/2025\/06\/Mision-png.png\u00bb background_size=\u00bbcontain\u00bb global_colors_info=\u00bb{}\u00bb][et_pb_column type=\u00bb4_4&#8243; _builder_version=\u00bb4.15.1&#8243; _module_preset=\u00bbdefault\u00bb global_colors_info=\u00bb{}\u00bb][et_pb_blurb title=\u00bbEncuentra lo que buscas!\u00bb url=\u00bbhttps:\/\/diversitygrupo.e323e.com\/epages\/diversitygrupo.sf\/secbc860e06f6\/?ObjectPath=\/Shops\/diversitygrupo\u00bb image=\u00bbhttps:\/\/www.diversitygrupo.es\/wp-content\/uploads\/2023\/10\/Fi_1-png.png\u00bb _builder_version=\u00bb4.15.1&#8243; _module_preset=\u00bbdefault\u00bb header_level=\u00bbh2&#8243; header_font=\u00bbPrata|700|||||||\u00bb header_text_align=\u00bbcenter\u00bb header_text_color=\u00bb#FFFFFF\u00bb header_font_size=\u00bb26px\u00bb body_font=\u00bbMontserrat||||||||\u00bb body_text_align=\u00bbcenter\u00bb body_text_color=\u00bb#000000&#8243; background_enable_image=\u00bboff\u00bb text_orientation=\u00bbcenter\u00bb header_font_size_tablet=\u00bb28px\u00bb header_font_size_phone=\u00bb16px\u00bb header_font_size_last_edited=\u00bbon|phone\u00bb border_color_all_image=\u00bb#66594D\u00bb inline_fonts=\u00bbMontserrat\u00bb global_colors_info=\u00bb{}\u00bb]<\/p>\n<p><span style=\"font-family: Montserrat; font-size: large;\"><span style=\"color: #ffffff;\">M\u00e1s de 10.000 mil art\u00edculos con disponibilidad<\/span><span style=\"color: #ffffff;\"> inmediata.<\/span><\/span><\/p>\n<p><span style=\"color: #ffffff; font-family: Montserrat; font-size: large;\">Originalidad a tu alcance.<\/span><\/p>\n<p>[\/et_pb_blurb][et_pb_button button_url=\u00bbhttps:\/\/diversitygrupo.e323e.com\/\u00bb url_new_window=\u00bbon\u00bb button_text=\u00bbVER M\u00c1S\u00bb button_alignment=\u00bbcenter\u00bb _builder_version=\u00bb4.15.1&#8243; _module_preset=\u00bbdefault\u00bb custom_button=\u00bbon\u00bb button_text_color=\u00bb#FFFFFF\u00bb button_bg_color=\u00bb#ED6E00&#8243; button_border_width=\u00bb2px\u00bb button_border_color=\u00bbRGBA(255,255,255,0)\u00bb global_colors_info=\u00bb{}\u00bb][\/et_pb_button][\/et_pb_column][\/et_pb_row][\/et_pb_section][et_pb_section fb_built=\u00bb1&#8243; admin_label=\u00bbFREEIMPULSO\u00bb _builder_version=\u00bb4.15.1&#8243; _module_preset=\u00bbdefault\u00bb background_enable_color=\u00bboff\u00bb use_background_color_gradient=\u00bbon\u00bb background_color_gradient_start=\u00bb#ffffff\u00bb background_color_gradient_end=\u00bb#fdebde\u00bb background_enable_image=\u00bboff\u00bb overflow-x=\u00bbhidden\u00bb overflow-y=\u00bbhidden\u00bb custom_padding=\u00bb100px||100px||false|false\u00bb top_divider_style=\u00bbasymmetric2&#8243; top_divider_color=\u00bb#bfc4a4&#8243; locked=\u00bboff\u00bb global_colors_info=\u00bb{%22gcid-3f47e762-ddb9-4bcc-9a88-eb1cda6175db%22:%91%93,%22gcid-abdd1dfe-115d-40b5-9c1d-c1c9635de504%22:%91%93}\u00bb][et_pb_row _builder_version=\u00bb4.15.1&#8243; _module_preset=\u00bbdefault\u00bb global_colors_info=\u00bb{}\u00bb][et_pb_column type=\u00bb4_4&#8243; _builder_version=\u00bb4.15.1&#8243; _module_preset=\u00bbdefault\u00bb global_colors_info=\u00bb{}\u00bb][et_pb_blurb title=\u00bbRegalos personalizados\u00bb url=\u00bbhttps:\/\/skeletoncool.com\u00bb image=\u00bbhttps:\/\/www.diversitygrupo.es\/wp-content\/uploads\/2026\/01\/Logo-AliExpress.png\u00bb _builder_version=\u00bb4.15.1&#8243; _module_preset=\u00bbdefault\u00bb header_level=\u00bbh2&#8243; header_font=\u00bbPrata|700|||||||\u00bb header_text_align=\u00bbcenter\u00bb header_text_color=\u00bb#000000&#8243; header_font_size=\u00bb26px\u00bb body_font=\u00bb||||||||\u00bb body_text_align=\u00bbcenter\u00bb body_text_color=\u00bb#000000&#8243; background_color=\u00bbRGBA(255,255,255,0)\u00bb text_orientation=\u00bbcenter\u00bb background_layout=\u00bbdark\u00bb custom_margin=\u00bb50px||||false|false\u00bb header_font_size_tablet=\u00bb28px\u00bb header_font_size_phone=\u00bb16px\u00bb header_font_size_last_edited=\u00bbon|phone\u00bb body_text_color_tablet=\u00bb#000000&#8243; body_text_color_phone=\u00bb#000000&#8243; body_text_color_last_edited=\u00bbon|phone\u00bb inline_fonts=\u00bbMontserrat\u00bb global_colors_info=\u00bb{}\u00bb]<\/p>\n<p><span style=\"font-family: Montserrat; font-size: large;\">En Amuulove encontrar\u00e1s regalos personalizados, originales y exclusivos personalizados para toda ocasi\u00f3n.<\/span><\/p>\n<p><span style=\"font-family: Montserrat; font-size: large;\">Hechos a mano, apostamos por la calidad, la entrega puntual y creamos experiencias que perduran en el tiempo.<\/span><\/p>\n<p>[\/et_pb_blurb][et_pb_button button_url=\u00bbhttp:\/\/www.amuulove.com\u00bb url_new_window=\u00bbon\u00bb button_text=\u00bbVER M\u00c1S\u00bb button_alignment=\u00bbcenter\u00bb _builder_version=\u00bb4.15.1&#8243; _module_preset=\u00bbdefault\u00bb custom_button=\u00bbon\u00bb button_text_size=\u00bb16px\u00bb button_text_color=\u00bb#FFFFFF\u00bb button_bg_color=\u00bb#f09d9f\u00bb button_border_color=\u00bbRGBA(255,255,255,0)\u00bb button_icon_color=\u00bb#000000&#8243; hover_enabled=\u00bb0&#8243; global_colors_info=\u00bb{}\u00bb sticky_enabled=\u00bb0&#8243;][\/et_pb_button][\/et_pb_column][\/et_pb_row][\/et_pb_section][et_pb_section fb_built=\u00bb1&#8243; admin_label=\u00bbFooter\u00bb _builder_version=\u00bb4.15.1&#8243; use_background_color_gradient=\u00bbon\u00bb background_color_gradient_start=\u00bb#1f1f26&#8243; background_color_gradient_end=\u00bbrgba(31,31,38,0.71)\u00bb background_color_gradient_overlays_image=\u00bbon\u00bb background_image=\u00bbhttps:\/\/www.diversitygrupo.es\/wp-content\/uploads\/2026\/01\/upholsterer-62.jpg\u00bb custom_margin=\u00bb||||false|false\u00bb custom_padding=\u00bb0vw||0px||false|false\u00bb global_module=\u00bb1407&#8243; saved_tabs=\u00bball\u00bb locked=\u00bboff\u00bb global_colors_info=\u00bb{}\u00bb][et_pb_row column_structure=\u00bb1_2,1_2&#8243; _builder_version=\u00bb4.15.1&#8243; _module_preset=\u00bbdefault\u00bb module_alignment=\u00bbcenter\u00bb custom_margin=\u00bb||||false|false\u00bb custom_padding=\u00bb||||false|false\u00bb global_colors_info=\u00bb{}\u00bb][et_pb_column type=\u00bb1_2&#8243; _builder_version=\u00bb4.15.1&#8243; _module_preset=\u00bbdefault\u00bb global_colors_info=\u00bb{}\u00bb][et_pb_text _builder_version=\u00bb4.15.1&#8243; header_2_font=\u00bbPrata||||||||\u00bb header_2_font_size=\u00bb40px\u00bb header_2_line_height=\u00bb1.6em\u00bb background_layout=\u00bbdark\u00bb header_2_font_size_tablet=\u00bb24px\u00bb header_2_font_size_phone=\u00bb22px\u00bb header_2_font_size_last_edited=\u00bbon|desktop\u00bb locked=\u00bboff\u00bb global_colors_info=\u00bb{}\u00bb]<\/p>\n<h2>Cont\u00e1ctanos para mayor informaci\u00f3n.<\/h2>\n<p>[\/et_pb_text][et_pb_button button_url=\u00bb@ET-DC@eyJkeW5hbWljIjp0cnVlLCJjb250ZW50IjoicG9zdF9saW5rX3VybF9wYWdlIiwic2V0dGluZ3MiOnsicG9zdF9pZCI6IjEyMjUifX0=@\u00bb button_text=\u00bbOBT\u00c9N INFORMACI\u00d3N AQU\u00cd\u00bb _builder_version=\u00bb4.15.1&#8243; _dynamic_attributes=\u00bbbutton_url\u00bb custom_button=\u00bbon\u00bb button_text_size=\u00bb12px\u00bb button_bg_color=\u00bbrgba(0,0,0,0)\u00bb button_border_width=\u00bb2px\u00bb button_border_color=\u00bb#ffffff\u00bb button_border_radius=\u00bb0px\u00bb button_letter_spacing=\u00bb2.6px\u00bb button_font=\u00bb|700||on|||||\u00bb background_layout=\u00bbdark\u00bb custom_margin=\u00bb40px||||false|false\u00bb custom_margin_tablet=\u00bb\u00bb custom_margin_phone=\u00bb\u00bb custom_margin_last_edited=\u00bbon|phone\u00bb custom_padding=\u00bb20px|40px|20px|40px|true|true\u00bb button_bg_color_last_edited=\u00bboff|desktop\u00bb locked=\u00bboff\u00bb global_colors_info=\u00bb{}\u00bb button_bg_color__hover_enabled=\u00bbon|hover\u00bb button_bg_color__hover=\u00bb#ffffff\u00bb button_bg_enable_color__hover=\u00bbon\u00bb button_text_color__hover_enabled=\u00bbon|hover\u00bb button_text_color__hover=\u00bb#000000&#8243;][\/et_pb_button][et_pb_text _builder_version=\u00bb4.15.1&#8243; text_font=\u00bbPrata||||||||\u00bb text_font_size=\u00bb22px\u00bb text_line_height=\u00bb1.8em\u00bb link_text_color=\u00bb#bea88f\u00bb header_4_font=\u00bbOpen Sans|700||on|||||\u00bb header_4_font_size=\u00bb12px\u00bb header_4_letter_spacing=\u00bb2.6px\u00bb header_4_line_height=\u00bb1.6em\u00bb background_layout=\u00bbdark\u00bb max_width=\u00bb250px\u00bb custom_margin=\u00bb||||false|false\u00bb text_font_size_tablet=\u00bb18px\u00bb text_font_size_phone=\u00bb16px\u00bb text_font_size_last_edited=\u00bbon|phone\u00bb locked=\u00bboff\u00bb global_colors_info=\u00bb{}\u00bb]<\/p>\n<h4>UBICACI\u00d3N<\/h4>\n<p><a href=\"#\"><span>Ribarroja de Turia (VALENCIA).<\/span><\/a><\/p>\n<p>[\/et_pb_text][\/et_pb_column][et_pb_column type=\u00bb1_2&#8243; _builder_version=\u00bb4.15.1&#8243; _module_preset=\u00bbdefault\u00bb global_colors_info=\u00bb{}\u00bb][et_pb_image src=\u00bbhttps:\/\/www.diversitygrupo.es\/wp-content\/uploads\/2026\/01\/logo-bold-diversity-grupo.png\u00bb title_text=\u00bblogo bold diversity grupo\u00bb align=\u00bbcenter\u00bb _builder_version=\u00bb4.15.1&#8243; _module_preset=\u00bbdefault\u00bb background_enable_image=\u00bboff\u00bb background_size=\u00bbinitial\u00bb width=\u00bb80%\u00bb global_colors_info=\u00bb{}\u00bb][\/et_pb_image][\/et_pb_column][\/et_pb_row][\/et_pb_section]<\/p>\n","protected":false},"excerpt":{"rendered":"<p>Las Bolsas TNTAUTO\u2122 ayudan a proteger el Medio Ambiente y a concienciar a las personas sobre la Seguridad Vial.No importa tu edad, en SKELETON COOL encontrar\u00e1s prendas que se adaptan a tu estilo de vida. Nuestra misi\u00f3n es ofrecer moda accesible y de calidad para todos. \u00a1Vis\u00edtanos y descubre por qu\u00e9 SKELETON COOL es la [&hellip;]<\/p>\n","protected":false},"author":1,"featured_media":0,"parent":0,"menu_order":0,"comment_status":"closed","ping_status":"closed","template":"","meta":{"_et_pb_use_builder":"on","_et_pb_old_content":"","_et_gb_content_width":"","footnotes":""},"class_list":["post-197","page","type-page","status-publish","hentry"],"yoast_head":"<!-- This site is optimized with the Yoast SEO plugin v26.7 - https:\/\/yoast.com\/wordpress\/plugins\/seo\/ -->\n<title>Productos - DIVERSITY GRUPO<\/title>\n<meta name=\"robots\" content=\"index, follow, max-snippet:-1, max-image-preview:large, max-video-preview:-1\" \/>\n<link rel=\"canonical\" href=\"https:\/\/www.diversitygrupo.es\/index.php\/productos\/\" \/>\n<meta property=\"og:locale\" content=\"es_ES\" \/>\n<meta property=\"og:type\" content=\"article\" \/>\n<meta property=\"og:title\" content=\"Productos - DIVERSITY GRUPO\" \/>\n<meta property=\"og:description\" content=\"Las Bolsas TNTAUTO\u2122 ayudan a proteger el Medio Ambiente y a concienciar a las personas sobre la Seguridad Vial.No importa tu edad, en SKELETON COOL encontrar\u00e1s prendas que se adaptan a tu estilo de vida. Nuestra misi\u00f3n es ofrecer moda accesible y de calidad para todos. \u00a1Vis\u00edtanos y descubre por qu\u00e9 SKELETON COOL es la [&hellip;]\" \/>\n<meta property=\"og:url\" content=\"https:\/\/www.diversitygrupo.es\/index.php\/productos\/\" \/>\n<meta property=\"og:site_name\" content=\"DIVERSITY GRUPO\" \/>\n<meta property=\"article:modified_time\" content=\"2026-01-18T14:29:54+00:00\" \/>\n<meta name=\"twitter:card\" content=\"summary_large_image\" \/>\n<meta name=\"twitter:label1\" content=\"Tiempo de lectura\" \/>\n\t<meta name=\"twitter:data1\" content=\"2 minutos\" \/>\n<script type=\"application\/ld+json\" class=\"yoast-schema-graph\">{\"@context\":\"https:\/\/schema.org\",\"@graph\":[{\"@type\":\"WebPage\",\"@id\":\"https:\/\/www.diversitygrupo.es\/index.php\/productos\/\",\"url\":\"https:\/\/www.diversitygrupo.es\/index.php\/productos\/\",\"name\":\"Productos - DIVERSITY GRUPO\",\"isPartOf\":{\"@id\":\"https:\/\/www.diversitygrupo.es\/#website\"},\"datePublished\":\"2022-03-24T10:32:36+00:00\",\"dateModified\":\"2026-01-18T14:29:54+00:00\",\"breadcrumb\":{\"@id\":\"https:\/\/www.diversitygrupo.es\/index.php\/productos\/#breadcrumb\"},\"inLanguage\":\"es\",\"potentialAction\":[{\"@type\":\"ReadAction\",\"target\":[\"https:\/\/www.diversitygrupo.es\/index.php\/productos\/\"]}]},{\"@type\":\"BreadcrumbList\",\"@id\":\"https:\/\/www.diversitygrupo.es\/index.php\/productos\/#breadcrumb\",\"itemListElement\":[{\"@type\":\"ListItem\",\"position\":1,\"name\":\"Portada\",\"item\":\"https:\/\/www.diversitygrupo.es\/\"},{\"@type\":\"ListItem\",\"position\":2,\"name\":\"Productos\"}]},{\"@type\":\"WebSite\",\"@id\":\"https:\/\/www.diversitygrupo.es\/#website\",\"url\":\"https:\/\/www.diversitygrupo.es\/\",\"name\":\"DIVERSITY GRUPO\",\"description\":\"Un Espacio. M\u00faltiples Servicios y Soluciones\",\"potentialAction\":[{\"@type\":\"SearchAction\",\"target\":{\"@type\":\"EntryPoint\",\"urlTemplate\":\"https:\/\/www.diversitygrupo.es\/?s={search_term_string}\"},\"query-input\":{\"@type\":\"PropertyValueSpecification\",\"valueRequired\":true,\"valueName\":\"search_term_string\"}}],\"inLanguage\":\"es\"}]}<\/script>\n<!-- \/ Yoast SEO plugin. -->","yoast_head_json":{"title":"Productos - DIVERSITY GRUPO","robots":{"index":"index","follow":"follow","max-snippet":"max-snippet:-1","max-image-preview":"max-image-preview:large","max-video-preview":"max-video-preview:-1"},"canonical":"https:\/\/www.diversitygrupo.es\/index.php\/productos\/","og_locale":"es_ES","og_type":"article","og_title":"Productos - DIVERSITY GRUPO","og_description":"Las Bolsas TNTAUTO\u2122 ayudan a proteger el Medio Ambiente y a concienciar a las personas sobre la Seguridad Vial.No importa tu edad, en SKELETON COOL encontrar\u00e1s prendas que se adaptan a tu estilo de vida. Nuestra misi\u00f3n es ofrecer moda accesible y de calidad para todos. \u00a1Vis\u00edtanos y descubre por qu\u00e9 SKELETON COOL es la [&hellip;]","og_url":"https:\/\/www.diversitygrupo.es\/index.php\/productos\/","og_site_name":"DIVERSITY GRUPO","article_modified_time":"2026-01-18T14:29:54+00:00","twitter_card":"summary_large_image","twitter_misc":{"Tiempo de lectura":"2 minutos"},"schema":{"@context":"https:\/\/schema.org","@graph":[{"@type":"WebPage","@id":"https:\/\/www.diversitygrupo.es\/index.php\/productos\/","url":"https:\/\/www.diversitygrupo.es\/index.php\/productos\/","name":"Productos - DIVERSITY GRUPO","isPartOf":{"@id":"https:\/\/www.diversitygrupo.es\/#website"},"datePublished":"2022-03-24T10:32:36+00:00","dateModified":"2026-01-18T14:29:54+00:00","breadcrumb":{"@id":"https:\/\/www.diversitygrupo.es\/index.php\/productos\/#breadcrumb"},"inLanguage":"es","potentialAction":[{"@type":"ReadAction","target":["https:\/\/www.diversitygrupo.es\/index.php\/productos\/"]}]},{"@type":"BreadcrumbList","@id":"https:\/\/www.diversitygrupo.es\/index.php\/productos\/#breadcrumb","itemListElement":[{"@type":"ListItem","position":1,"name":"Portada","item":"https:\/\/www.diversitygrupo.es\/"},{"@type":"ListItem","position":2,"name":"Productos"}]},{"@type":"WebSite","@id":"https:\/\/www.diversitygrupo.es\/#website","url":"https:\/\/www.diversitygrupo.es\/","name":"DIVERSITY GRUPO","description":"Un Espacio. M\u00faltiples Servicios y Soluciones","potentialAction":[{"@type":"SearchAction","target":{"@type":"EntryPoint","urlTemplate":"https:\/\/www.diversitygrupo.es\/?s={search_term_string}"},"query-input":{"@type":"PropertyValueSpecification","valueRequired":true,"valueName":"search_term_string"}}],"inLanguage":"es"}]}},"_links":{"self":[{"href":"https:\/\/www.diversitygrupo.es\/index.php\/wp-json\/wp\/v2\/pages\/197","targetHints":{"allow":["GET"]}}],"collection":[{"href":"https:\/\/www.diversitygrupo.es\/index.php\/wp-json\/wp\/v2\/pages"}],"about":[{"href":"https:\/\/www.diversitygrupo.es\/index.php\/wp-json\/wp\/v2\/types\/page"}],"author":[{"embeddable":true,"href":"https:\/\/www.diversitygrupo.es\/index.php\/wp-json\/wp\/v2\/users\/1"}],"replies":[{"embeddable":true,"href":"https:\/\/www.diversitygrupo.es\/index.php\/wp-json\/wp\/v2\/comments?post=197"}],"version-history":[{"count":52,"href":"https:\/\/www.diversitygrupo.es\/index.php\/wp-json\/wp\/v2\/pages\/197\/revisions"}],"predecessor-version":[{"id":1494,"href":"https:\/\/www.diversitygrupo.es\/index.php\/wp-json\/wp\/v2\/pages\/197\/revisions\/1494"}],"wp:attachment":[{"href":"https:\/\/www.diversitygrupo.es\/index.php\/wp-json\/wp\/v2\/media?parent=197"}],"curies":[{"name":"wp","href":"https:\/\/api.w.org\/{rel}","templated":true}]}}